{"id":942,"date":"2025-09-07T17:23:26","date_gmt":"2025-09-07T15:23:26","guid":{"rendered":"https:\/\/facecontour.de\/?page_id=942"},"modified":"2025-09-07T17:30:20","modified_gmt":"2025-09-07T15:30:20","slug":"impressum","status":"publish","type":"page","link":"https:\/\/facecontour.de\/?page_id=942","title":{"rendered":"Impressum"},"content":{"rendered":"\t\t<div data-elementor-type=\"wp-page\" data-elementor-id=\"942\" class=\"elementor elementor-942\" data-elementor-post-type=\"page\">\n\t\t\t\t<div class=\"elementor-element elementor-element-18af5c33 e-flex e-con-boxed wpr-particle-no wpr-jarallax-no wpr-parallax-no wpr-sticky-section-no e-con e-parent\" data-id=\"18af5c33\" data-element_type=\"container\">\n\t\t\t\t\t<div class=\"e-con-inner\">\n\t\t\t\t<div class=\"elementor-element elementor-element-b41083e elementor-widget elementor-widget-heading\" data-id=\"b41083e\" data-element_type=\"widget\" data-widget_type=\"heading.default\">\n\t\t\t\t\t<h2 class=\"elementor-heading-title elementor-size-default\">Impressum<\/h2>\t\t\t\t<\/div>\n\t\t\t\t<div class=\"elementor-element elementor-element-aa6b37a elementor-widget elementor-widget-text-editor\" data-id=\"aa6b37a\" data-element_type=\"widget\" data-widget_type=\"text-editor.default\">\n\t\t\t\t\t\t\t\t\t<p><\/p>\n<p><strong>Inhaberin:<\/strong><br \/>Gamze Koc<\/p>\n<p><\/p>\n<p><strong>Anschrift:<\/strong><br \/>Schwabstra\u00dfe 60<br \/>88046 Friedrichshafen<br \/>Deutschland<\/p>\n<p><\/p>\n<p><strong>Kontakt:<\/strong><br \/>Telefon: 0177 4894850<br \/>E-Mail: <a href=\"mailto:info@facecontour.de\" target=\"_blank\" rel=\"noreferrer noopener\">info@facecontour.de<\/a><\/p>\n<p><\/p>\n<hr class=\"wp-block-separator has-alpha-channel-opacity\" \/>\n<p><\/p>\n<h2 class=\"wp-block-heading\">Rechtliche Angaben<\/h2>\n<p><\/p>\n<p><strong>Umsatzsteuer-Identifikationsnummer:<\/strong><br \/>Gem\u00e4\u00df \u00a7 19 UStG wird keine Umsatzsteuer ausgewiesen \u2013 Kleinunternehmerstatus.<\/p>\n<p><\/p>\n<p><strong>Berufsbezeichnung:<\/strong><br \/>Kosmetikerin \/ Beauty-Spezialistin<\/p>\n<p><\/p>\n<p><strong>Zust\u00e4ndige Aufsichtsbeh\u00f6rde (falls gewerblich):<\/strong><br \/>Gewerbeamt der Stadt Friedrichshafen<br \/>Rathausplatz 1, 88045 Friedrichshafen<br \/><a href=\"https:\/\/www.friedrichshafen.de\/\" target=\"_blank\" rel=\"noreferrer noopener\">https:\/\/www.friedrichshafen.de<\/a><\/p>\n<p><\/p>\n<p><\/p>\n<hr class=\"wp-block-separator has-alpha-channel-opacity\" \/>\n<p><\/p>\n<h2 class=\"wp-block-heading\">Haftungsausschluss<\/h2>\n<p><\/p>\n<h3 class=\"wp-block-heading\">1. Inhalt des Onlineangebotes<\/h3>\n<p><\/p>\n<p>Die Inhalte unserer Seiten wurden mit gr\u00f6\u00dfter Sorgfalt erstellt. F\u00fcr die Richtigkeit, Vollst\u00e4ndigkeit und Aktualit\u00e4t der Inhalte k\u00f6nnen wir jedoch keine Gew\u00e4hr \u00fcbernehmen. Als Diensteanbieter sind wir gem\u00e4\u00df \u00a7 7 Abs.1 TMG f\u00fcr eigene Inhalte auf diesen Seiten nach den allgemeinen Gesetzen verantwortlich. Nach \u00a7\u00a7 8 bis 10 TMG sind wir als Diensteanbieter jedoch nicht verpflichtet, \u00fcbermittelte oder gespeicherte fremde Informationen zu \u00fcberwachen oder nach Umst\u00e4nden zu forschen, die auf eine rechtswidrige T\u00e4tigkeit hinweisen.<\/p>\n<p><\/p>\n<h3 class=\"wp-block-heading\">2. Verweise und Links<\/h3>\n<p><\/p>\n<p>Bei direkten oder indirekten Verweisen auf fremde Webseiten (\u201eHyperlinks\u201c), die au\u00dferhalb des Verantwortungsbereiches des Anbieters liegen, w\u00fcrde eine Haftungsverpflichtung ausschlie\u00dflich in dem Fall in Kraft treten, in dem der Anbieter von den Inhalten Kenntnis hat und es ihm technisch m\u00f6glich und zumutbar w\u00e4re, die Nutzung im Falle rechtswidriger Inhalte zu verhindern. Der Anbieter erkl\u00e4rt hiermit ausdr\u00fccklich, dass zum Zeitpunkt der Linksetzung keine illegalen Inhalte auf den zu verlinkenden Seiten erkennbar waren. Auf die aktuelle und zuk\u00fcnftige Gestaltung, die Inhalte oder die Urheberschaft der verlinkten\/verkn\u00fcpften Seiten hat der Anbieter keinerlei Einfluss. Deshalb distanziert er sich hiermit ausdr\u00fccklich von allen Inhalten aller verlinkten\/verkn\u00fcpften Seiten, die nach der Linksetzung ver\u00e4ndert wurden. Diese Feststellung gilt f\u00fcr alle innerhalb des eigenen Internetangebotes gesetzten Links und Verweise sowie f\u00fcr Fremdeintr\u00e4ge in vom Anbieter eingerichteten G\u00e4steb\u00fcchern, Diskussionsforen, Linkverzeichnissen, Mailinglisten und in allen anderen Formen von Datenbanken, auf deren Inhalt externe Schreibzugriffe m\u00f6glich sind. F\u00fcr illegale, fehlerhafte oder unvollst\u00e4ndige Inhalte und insbesondere f\u00fcr Sch\u00e4den, die aus der Nutzung oder Nichtnutzung solcherart dargebotener Informationen entstehen, haftet allein der Anbieter der Seite, auf welche verwiesen wurde, nicht derjenige, der \u00fcber Links auf die jeweilige Ver\u00f6ffentlichung lediglich verweist.<\/p>\n<p><\/p>\n<h3 class=\"wp-block-heading\">3. Urheber- und Kennzeichenrecht<\/h3>\n<p><\/p>\n<p>Der Anbieter ist bestrebt, in allen Publikationen die Urheberrechte der verwendeten Grafiken, Tondokumente, Videosequenzen und Texte zu beachten, von ihm selbst erstellte Grafiken, Tondokumente, Videosequenzen und Texte zu nutzen oder auf lizenzfreie Grafiken, Tondokumente, Videosequenzen und Texte zur\u00fcckzugreifen. Alle innerhalb des Internetangebotes genannten und ggf. durch Dritte gesch\u00fctzten Marken- und Warenzeichen unterliegen uneingeschr\u00e4nkt den Bestimmungen des jeweils g\u00fcltigen Kennzeichenrechts und den Besitzrechten der jeweiligen eingetragenen Eigent\u00fcmer. Allein aufgrund der blo\u00dfen Nennung ist nicht der Schluss zu ziehen, dass Markenzeichen nicht durch Rechte Dritter gesch\u00fctzt sind!<\/p>\n<p><\/p>\n<h3 class=\"wp-block-heading\">4. Datenschutz<\/h3>\n<p><\/p>\n<p>Ihre personenbezogenen Daten werden ausschlie\u00dflich im Rahmen der gesetzlichen Bestimmungen gespeichert und verarbeitet. Eine Weitergabe an Dritte erfolgt nicht \u2013 es sei denn, sie ist gesetzlich vorgeschrieben oder Sie haben ausdr\u00fccklich zugestimmt. Ausf\u00fchrliche Informationen finden Sie in unserer <strong><a href=\"https:\/\/www.facecontour.de\/datenschutz\" target=\"_blank\" rel=\"noreferrer noopener\">Datenschutzerkl\u00e4rung <\/a><\/strong>.<\/p>\n<p><\/p>\n<hr class=\"wp-block-separator has-alpha-channel-opacity\" \/>\n<p><\/p>\n<h2 class=\"wp-block-heading\">Hinweis gem\u00e4\u00df Heilmittelwerbegesetz (HWG)<\/h2>\n<p><\/p>\n<p>Die auf dieser Website dargestellten Leistungen und Behandlungen dienen der Sch\u00f6nheitspflege und \u00e4sthetischen Verbesserung. Sie stellen <strong>keine medizinische Behandlung<\/strong> im Sinne des Heilmittelwerbegesetzes dar, sofern nicht ausdr\u00fccklich anders gekennzeichnet. Die gezeigten Ergebnisse k\u00f6nnen individuell variieren und stellen keine Heilversprechen oder Garantien dar. Eine medizinische Diagnose oder Therapie ersetzen die angebotenen Leistungen nicht.<\/p>\n<p><\/p>\n<hr class=\"wp-block-separator has-alpha-channel-opacity\" \/>\n<p><\/p>\n<h2 class=\"wp-block-heading\">Streitbeilegung<\/h2>\n<p><\/p>\n<p>Wir sind nicht bereit oder verpflichtet, an Streitbeilegungsverfahren vor einer Verbraucherschlichtungsstelle teilzunehmen.<\/p>\n<p><\/p>\n<hr class=\"wp-block-separator has-alpha-channel-opacity\" \/>\n<p><\/p>\n<p><\/p>\t\t\t\t\t\t\t\t<\/div>\n\t\t\t\t\t<\/div>\n\t\t\t\t<\/div>\n\t\t\t\t<\/div>\n\t\t","protected":false},"excerpt":{"rendered":"<p>Impressum Inhaberin:Gamze Koc Anschrift:Schwabstra\u00dfe 6088046 FriedrichshafenDeutschland Kontakt:Telefon: 0177 4894850E-Mail: info@facecontour.de Rechtliche Angaben Umsatzsteuer-Identifikationsnummer:Gem\u00e4\u00df \u00a7 19 UStG wird keine Umsatzsteuer ausgewiesen \u2013 Kleinunternehmerstatus. Berufsbezeichnung:Kosmetikerin \/ Beauty-Spezialistin Zust\u00e4ndige Aufsichtsbeh\u00f6rde (falls gewerblich):Gewerbeamt der Stadt FriedrichshafenRathausplatz 1, 88045 Friedrichshafenhttps:\/\/www.friedrichshafen.de Haftungsausschluss 1. Inhalt des Onlineangebotes Die Inhalte unserer Seiten wurden mit gr\u00f6\u00dfter Sorgfalt erstellt. F\u00fcr die Richtigkeit, Vollst\u00e4ndigkeit und Aktualit\u00e4t der Inhalte k\u00f6nnen wir jedoch keine Gew\u00e4hr \u00fcbernehmen. Als Diensteanbieter sind wir gem\u00e4\u00df \u00a7 7 Abs.1 TMG f\u00fcr eigene Inhalte auf diesen Seiten nach den allgemeinen Gesetzen verantwortlich. Nach \u00a7\u00a7 8 bis 10 TMG sind wir als Diensteanbieter jedoch nicht verpflichtet, \u00fcbermittelte oder gespeicherte fremde Informationen zu \u00fcberwachen oder nach Umst\u00e4nden zu forschen, die auf eine rechtswidrige T\u00e4tigkeit hinweisen. 2. Verweise und Links Bei direkten oder indirekten Verweisen auf fremde Webseiten (\u201eHyperlinks\u201c), die au\u00dferhalb des Verantwortungsbereiches des Anbieters liegen, w\u00fcrde eine Haftungsverpflichtung ausschlie\u00dflich in dem Fall in Kraft treten, in dem der Anbieter von den Inhalten Kenntnis hat und es ihm technisch m\u00f6glich und zumutbar w\u00e4re, die Nutzung im Falle rechtswidriger Inhalte zu verhindern. Der Anbieter erkl\u00e4rt hiermit ausdr\u00fccklich, dass zum Zeitpunkt der Linksetzung keine illegalen Inhalte auf den zu verlinkenden Seiten erkennbar waren. Auf die aktuelle und zuk\u00fcnftige Gestaltung, die Inhalte oder die Urheberschaft der verlinkten\/verkn\u00fcpften Seiten hat der Anbieter keinerlei Einfluss. Deshalb distanziert er sich hiermit ausdr\u00fccklich von allen Inhalten aller verlinkten\/verkn\u00fcpften Seiten, die nach der Linksetzung ver\u00e4ndert wurden. Diese Feststellung gilt f\u00fcr alle innerhalb des eigenen Internetangebotes gesetzten Links und Verweise sowie f\u00fcr Fremdeintr\u00e4ge in vom Anbieter eingerichteten G\u00e4steb\u00fcchern, Diskussionsforen, Linkverzeichnissen, Mailinglisten und in allen anderen Formen von Datenbanken, auf deren Inhalt externe Schreibzugriffe m\u00f6glich sind. F\u00fcr illegale, fehlerhafte oder unvollst\u00e4ndige Inhalte und insbesondere f\u00fcr Sch\u00e4den, die aus der Nutzung oder Nichtnutzung solcherart dargebotener Informationen entstehen, haftet allein der Anbieter der Seite, auf welche verwiesen wurde, nicht derjenige, der \u00fcber Links auf die jeweilige Ver\u00f6ffentlichung lediglich verweist. 3. Urheber- und Kennzeichenrecht Der Anbieter ist bestrebt, in allen Publikationen die Urheberrechte der verwendeten Grafiken, Tondokumente, Videosequenzen und Texte zu beachten, von ihm selbst erstellte Grafiken, Tondokumente, Videosequenzen und Texte zu nutzen oder auf lizenzfreie Grafiken, Tondokumente, Videosequenzen und Texte zur\u00fcckzugreifen. Alle innerhalb des Internetangebotes genannten und ggf. durch Dritte gesch\u00fctzten Marken- und Warenzeichen unterliegen uneingeschr\u00e4nkt den Bestimmungen des jeweils g\u00fcltigen Kennzeichenrechts und den Besitzrechten der jeweiligen eingetragenen Eigent\u00fcmer. Allein aufgrund der blo\u00dfen Nennung ist nicht der Schluss zu ziehen, dass Markenzeichen nicht durch Rechte Dritter gesch\u00fctzt sind! 4. Datenschutz Ihre personenbezogenen Daten werden ausschlie\u00dflich im Rahmen der gesetzlichen Bestimmungen gespeichert und verarbeitet. Eine Weitergabe an Dritte erfolgt nicht \u2013 es sei denn, sie ist gesetzlich vorgeschrieben oder Sie haben ausdr\u00fccklich zugestimmt. Ausf\u00fchrliche Informationen finden Sie in unserer Datenschutzerkl\u00e4rung . Hinweis gem\u00e4\u00df Heilmittelwerbegesetz (HWG) Die auf dieser Website dargestellten Leistungen und Behandlungen dienen der Sch\u00f6nheitspflege und \u00e4sthetischen Verbesserung. Sie stellen keine medizinische Behandlung im Sinne des Heilmittelwerbegesetzes dar, sofern nicht ausdr\u00fccklich anders gekennzeichnet. Die gezeigten Ergebnisse k\u00f6nnen individuell variieren und stellen keine Heilversprechen oder Garantien dar. Eine medizinische Diagnose oder Therapie ersetzen die angebotenen Leistungen nicht. Streitbeilegung Wir sind nicht bereit oder verpflichtet, an Streitbeilegungsverfahren vor einer Verbraucherschlichtungsstelle teilzunehmen.<\/p>\n","protected":false},"author":1,"featured_media":0,"parent":0,"menu_order":0,"comment_status":"closed","ping_status":"closed","template":"","meta":{"site-sidebar-layout":"default","site-content-layout":"","ast-site-content-layout":"default","site-content-style":"default","site-sidebar-style":"default","ast-global-header-display":"","ast-banner-title-visibility":"","ast-main-header-display":"","ast-hfb-above-header-display":"","ast-hfb-below-header-display":"","ast-hfb-mobile-header-display":"","site-post-title":"","ast-breadcrumbs-content":"","ast-featured-img":"","footer-sml-layout":"","theme-transparent-header-meta":"","adv-header-id-meta":"","stick-header-meta":"","header-above-stick-meta":"","header-main-stick-meta":"","header-below-stick-meta":"","astra-migrate-meta-layouts":"default","ast-page-background-enabled":"default","ast-page-background-meta":{"desktop":{"background-color":"var(--ast-global-color-5)","background-image":"","background-repeat":"repeat","background-position":"center center","background-size":"auto","background-attachment":"scroll","background-type":"","background-media":"","overlay-type":"","overlay-color":"","overlay-opacity":"","overlay-gradient":""},"tablet":{"background-color":"","background-image":"","background-repeat":"repeat","background-position":"center center","background-size":"auto","background-attachment":"scroll","background-type":"","background-media":"","overlay-type":"","overlay-color":"","overlay-opacity":"","overlay-gradient":""},"mobile":{"background-color":"","background-image":"","background-repeat":"repeat","background-position":"center center","background-size":"auto","background-attachment":"scroll","background-type":"","background-media":"","overlay-type":"","overlay-color":"","overlay-opacity":"","overlay-gradient":""}},"ast-content-background-meta":{"desktop":{"background-color":"var(--ast-global-color-4)","background-image":"","background-repeat":"repeat","background-position":"center center","background-size":"auto","background-attachment":"scroll","background-type":"","background-media":"","overlay-type":"","overlay-color":"","overlay-opacity":"","overlay-gradient":""},"tablet":{"background-color":"var(--ast-global-color-4)","background-image":"","background-repeat":"repeat","background-position":"center center","background-size":"auto","background-attachment":"scroll","background-type":"","background-media":"","overlay-type":"","overlay-color":"","overlay-opacity":"","overlay-gradient":""},"mobile":{"background-color":"var(--ast-global-color-4)","background-image":"","background-repeat":"repeat","background-position":"center center","background-size":"auto","background-attachment":"scroll","background-type":"","background-media":"","overlay-type":"","overlay-color":"","overlay-opacity":"","overlay-gradient":""}},"footnotes":""},"class_list":["post-942","page","type-page","status-publish","hentry"],"_links":{"self":[{"href":"https:\/\/facecontour.de\/index.php?rest_route=\/wp\/v2\/pages\/942","targetHints":{"allow":["GET"]}}],"collection":[{"href":"https:\/\/facecontour.de\/index.php?rest_route=\/wp\/v2\/pages"}],"about":[{"href":"https:\/\/facecontour.de\/index.php?rest_route=\/wp\/v2\/types\/page"}],"author":[{"embeddable":true,"href":"https:\/\/facecontour.de\/index.php?rest_route=\/wp\/v2\/users\/1"}],"replies":[{"embeddable":true,"href":"https:\/\/facecontour.de\/index.php?rest_route=%2Fwp%2Fv2%2Fcomments&post=942"}],"version-history":[{"count":10,"href":"https:\/\/facecontour.de\/index.php?rest_route=\/wp\/v2\/pages\/942\/revisions"}],"predecessor-version":[{"id":959,"href":"https:\/\/facecontour.de\/index.php?rest_route=\/wp\/v2\/pages\/942\/revisions\/959"}],"wp:attachment":[{"href":"https:\/\/facecontour.de\/index.php?rest_route=%2Fwp%2Fv2%2Fmedia&parent=942"}],"curies":[{"name":"wp","href":"https:\/\/api.w.org\/{rel}","templated":true}]}}